{"id":31738,"date":"2026-03-26T20:08:59","date_gmt":"2026-03-26T20:08:59","guid":{"rendered":"https:\/\/www.aper.cz\/?page_id=31738"},"modified":"2026-04-01T10:45:50","modified_gmt":"2026-04-01T10:45:50","slug":"poptavka","status":"publish","type":"page","link":"https:\/\/www.aper.cz\/en\/poptavka\/","title":{"rendered":"Inquiry"},"content":{"rendered":"<p><div class=\"fusion-fullwidth fullwidth-box fusion-builder-row-1 fusion-flex-container has-pattern-background has-mask-background nonhundred-percent-fullwidth non-hundred-percent-height-scrolling\" style=\"--awb-border-radius-top-left:0px;--awb-border-radius-top-right:0px;--awb-border-radius-bottom-right:0px;--awb-border-radius-bottom-left:0px;--awb-padding-top:0px;--awb-padding-right:0px;--awb-padding-bottom:0px;--awb-padding-left:0px;--awb-margin-top:0px;--awb-margin-bottom:0px;--awb-flex-wrap:wrap;\" ><div class=\"fusion-builder-row fusion-row fusion-flex-align-items-center fusion-flex-justify-content-center fusion-flex-content-wrap\" style=\"max-width:1451.84px;margin-left: calc(-4% \/ 2 );margin-right: calc(-4% \/ 2 );\"><div class=\"fusion-layout-column fusion_builder_column fusion-builder-column-0 fusion_builder_column_3_5 3_5 fusion-flex-column\" style=\"--awb-bg-size:cover;--awb-width-large:60%;--awb-margin-top-large:-16px;--awb-spacing-right-large:3.2%;--awb-margin-bottom-large:0px;--awb-spacing-left-large:3.2%;--awb-width-medium:100%;--awb-order-medium:0;--awb-spacing-right-medium:1.92%;--awb-spacing-left-medium:1.92%;--awb-width-small:100%;--awb-order-small:0;--awb-spacing-right-small:1.92%;--awb-spacing-left-small:1.92%;\" data-scroll-devices=\"small-visibility,medium-visibility,large-visibility\"><div class=\"fusion-column-wrapper fusion-column-has-shadow fusion-flex-justify-content-flex-start fusion-content-layout-column\"><div class=\"fusion-text fusion-text-1 fusion-text-no-margin\" style=\"--awb-margin-bottom:40px;\"><div class=\"fm__title\">\n<h2><strong>Z\u00edskejte nez\u00e1vaznou nab\u00eddku je\u0161t\u011b dnes<\/strong><\/h2>\n<\/div>\n<\/div><div class=\"fusion-text fusion-text-2\" style=\"--awb-margin-top:-24px;\"><p>Kontaktujte n\u00e1s na \u010d\u00edsle <strong>+420 773 663 966<\/strong>, po\u0161lete mail na <a href=\"mailto:obchod@aper.cz\"><strong>obchod@aper.cz<\/strong><\/a> nebo n\u00e1m napi\u0161te pomoc\u00ed kontaktn\u00edho formul\u00e1\u0159e n\u00ed\u017ee a obratem se V\u00e1m ozveme s \u0159e\u0161en\u00edm na m\u00edru.<\/p>\n<\/div><\/div><\/div><div class=\"fusion-layout-column fusion_builder_column fusion-builder-column-1 fusion_builder_column_3_5 3_5 fusion-flex-column\" style=\"--awb-padding-top:4%;--awb-padding-right:4%;--awb-padding-bottom:4%;--awb-padding-left:4%;--awb-bg-color:#eaeaea;--awb-bg-color-hover:#eaeaea;--awb-bg-size:cover;--awb-width-large:60%;--awb-margin-top-large:25px;--awb-spacing-right-large:3.2%;--awb-margin-bottom-large:25px;--awb-spacing-left-large:3.2%;--awb-width-medium:100%;--awb-order-medium:0;--awb-spacing-right-medium:1.92%;--awb-spacing-left-medium:1.92%;--awb-width-small:100%;--awb-order-small:0;--awb-spacing-right-small:1.92%;--awb-spacing-left-small:1.92%;\" data-scroll-devices=\"small-visibility,medium-visibility,large-visibility\"><div class=\"fusion-column-wrapper fusion-column-has-shadow fusion-flex-justify-content-flex-start fusion-content-layout-column\"><div class=\"fusion-text fusion-text-3\"><h4>Kontaktn\u00ed formul\u00e1\u0159<\/h4>\n<\/div>\n<div class=\"wpcf7 no-js\" id=\"wpcf7-f31767-o1\" lang=\"en-US\" dir=\"ltr\" data-wpcf7-id=\"31767\">\n<div class=\"screen-reader-response\"><p role=\"status\" aria-live=\"polite\" aria-atomic=\"true\"><\/p> <ul><\/ul><\/div>\n<form action=\"\/en\/wp-json\/wp\/v2\/pages\/31738#wpcf7-f31767-o1\" method=\"post\" class=\"wpcf7-form init\" aria-label=\"Contact form\" novalidate=\"novalidate\" data-status=\"init\" data-trp-original-action=\"\/en\/wp-json\/wp\/v2\/pages\/31738#wpcf7-f31767-o1\">\n<fieldset class=\"hidden-fields-container\"><input type=\"hidden\" name=\"_wpcf7\" value=\"31767\" \/><input type=\"hidden\" name=\"_wpcf7_version\" value=\"6.1.5\" \/><input type=\"hidden\" name=\"_wpcf7_locale\" value=\"en_US\" \/><input type=\"hidden\" name=\"_wpcf7_unit_tag\" value=\"wpcf7-f31767-o1\" \/><input type=\"hidden\" name=\"_wpcf7_container_post\" value=\"0\" \/><input type=\"hidden\" name=\"_wpcf7_posted_data_hash\" value=\"\" \/><input type=\"hidden\" name=\"_wpcf7_recaptcha_response\" value=\"\" \/>\n<\/fieldset>\n<div class=\"fusion-columns fusion-clearfix\" style=\"margin-bottom: 20px;\">\n\t<div class=\"col-lg-6 col-md-6 col-sm-12\">\n\t\t<p>Va\u0161e jm\u00e9no\n\t\t<\/p>\n\t\t<p><span class=\"wpcf7-form-control-wrap\" data-name=\"first-name\"><input size=\"40\" maxlength=\"400\" class=\"wpcf7-form-control wpcf7-text\" aria-invalid=\"false\" placeholder=\"Va\u0161e jm\u00e9no\" value=\"\" type=\"text\" name=\"first-name\" \/><\/span>\n\t\t<\/p>\n\t<\/div>\n\t<div class=\"col-lg-6 col-md-6 col-sm-12\">\n\t\t<p>Team \/ company\n\t\t<\/p>\n\t\t<p><span class=\"wpcf7-form-control-wrap\" data-name=\"last-name\"><input size=\"40\" maxlength=\"400\" class=\"wpcf7-form-control wpcf7-text\" aria-invalid=\"false\" placeholder=\"T\u00fdm nebo spole\u010dnost\" value=\"\" type=\"text\" name=\"last-name\" \/><\/span>\n\t\t<\/p>\n\t<\/div>\n<\/div>\n<div class=\"fusion-columns fusion-clearfix\" style=\"margin-bottom: 20px;\">\n\t<div class=\"col-lg-6 col-md-6 col-sm-12\">\n\t\t<p>E-mail *\n\t\t<\/p>\n\t\t<p><span class=\"wpcf7-form-control-wrap\" data-name=\"your-email\"><input size=\"40\" maxlength=\"400\" class=\"wpcf7-form-control wpcf7-email wpcf7-validates-as-required wpcf7-text wpcf7-validates-as-email\" aria-required=\"true\" aria-invalid=\"false\" placeholder=\"Nap\u0159. Jan@aper.cz\" value=\"\" type=\"email\" name=\"your-email\" \/><\/span>\n\t\t<\/p>\n\t<\/div>\n\t<div class=\"col-lg-6 col-md-6 col-sm-12\">\n\t\t<p>Phone\n\t\t<\/p>\n\t\t<p><span class=\"wpcf7-form-control-wrap\" data-name=\"phone-number\"><input size=\"40\" maxlength=\"400\" class=\"wpcf7-form-control wpcf7-tel wpcf7-text wpcf7-validates-as-tel\" aria-invalid=\"false\" placeholder=\"Zadejte telefonn\u00ed \u010d\u00edslo\" value=\"\" type=\"tel\" name=\"phone-number\" \/><\/span>\n\t\t<\/p>\n\t<\/div>\n<\/div>\n<p style=\"margin-bottom: 12px;\">Popis popt\u00e1vky\n<\/p>\n<p><span class=\"wpcf7-form-control-wrap\" data-name=\"your-message\"><textarea cols=\"40\" rows=\"10\" maxlength=\"2000\" class=\"wpcf7-form-control wpcf7-textarea\" aria-invalid=\"false\" placeholder=\"Popi\u0161te co pot\u0159ebujete \u2014 typ dresu, barvy, term\u00edn dod\u00e1n\u00ed...\" name=\"your-message\"><\/textarea><\/span>\n<\/p>\n<p style=\"margin-bottom: 16px;\"><span class=\"wpcf7-form-control-wrap\" data-name=\"gdpr\"><span class=\"wpcf7-form-control wpcf7-acceptance\"><span class=\"wpcf7-list-item\"><input type=\"checkbox\" name=\"gdpr\" value=\"1\" aria-invalid=\"false\" \/><\/span><\/span><\/span> Souhlas\u00edm se <a href=\"\/en\/ochrana-osobnich-udaju\/\" target=\"_blank\">zpracov\u00e1n\u00edm osobn\u00edch \u00fadaj\u016f<\/a> *\n<\/p>\n<p><input class=\"wpcf7-form-control wpcf7-submit has-spinner\" type=\"submit\" value=\"Odeslat popt\u00e1vku\" \/>\n<\/p><div class=\"fusion-alert alert custom alert-custom fusion-alert-center wpcf7-response-output fusion-alert-capitalize awb-alert-native-link-color alert-dismissable awb-alert-close-boxed\" style=\"--awb-border-size:1px;--awb-border-top-left-radius:0px;--awb-border-top-right-radius:0px;--awb-border-bottom-left-radius:0px;--awb-border-bottom-right-radius:0px;\" role=\"alert\"><div class=\"fusion-alert-content-wrapper\"><span class=\"fusion-alert-content\"><\/span><\/div><button type=\"button\" class=\"close toggle-alert\" data-dismiss=\"alert\" aria-label=\"Close\">\u00d7<\/button><\/div>\n<input type=\"hidden\" name=\"trp-form-language\" value=\"en\"\/><\/form>\n<\/div>\n<\/div><\/div><\/div><\/div><div class=\"fusion-fullwidth fullwidth-box fusion-builder-row-2 fusion-flex-container has-pattern-background has-mask-background nonhundred-percent-fullwidth non-hundred-percent-height-scrolling\" style=\"--awb-border-radius-top-left:0px;--awb-border-radius-top-right:0px;--awb-border-radius-bottom-right:0px;--awb-border-radius-bottom-left:0px;--awb-flex-wrap:wrap;\" ><div class=\"fusion-builder-row fusion-row fusion-flex-align-items-center fusion-flex-justify-content-center fusion-flex-content-wrap\" style=\"max-width:1451.84px;margin-left: calc(-4% \/ 2 );margin-right: calc(-4% \/ 2 );\"><div class=\"fusion-layout-column fusion_builder_column fusion-builder-column-2 fusion_builder_column_3_5 3_5 fusion-flex-column\" style=\"--awb-bg-size:cover;--awb-width-large:60%;--awb-margin-top-large:25px;--awb-spacing-right-large:3.2%;--awb-margin-bottom-large:25px;--awb-spacing-left-large:3.2%;--awb-width-medium:100%;--awb-order-medium:0;--awb-spacing-right-medium:1.92%;--awb-spacing-left-medium:1.92%;--awb-width-small:100%;--awb-order-small:0;--awb-spacing-right-small:1.92%;--awb-spacing-left-small:1.92%;\"><div class=\"fusion-column-wrapper fusion-column-has-shadow fusion-flex-justify-content-flex-start fusion-content-layout-column\"><div class=\"fusion-fullwidth fullwidth-box fusion-builder-row-2-1 fusion-flex-container has-pattern-background has-mask-background nonhundred-percent-fullwidth non-hundred-percent-height-scrolling\" style=\"--awb-border-radius-top-left:0px;--awb-border-radius-top-right:0px;--awb-border-radius-bottom-right:0px;--awb-border-radius-bottom-left:0px;--awb-padding-top:0px;--awb-padding-right:0px;--awb-padding-bottom:0px;--awb-padding-left:0px;--awb-margin-top:0px;--awb-margin-bottom:0px;--awb-flex-wrap:wrap;\" ><div class=\"fusion-builder-row fusion-row fusion-flex-align-items-flex-start fusion-flex-content-wrap\" style=\"width:104% !important;max-width:104% !important;margin-left: calc(-4% \/ 2 );margin-right: calc(-4% \/ 2 );\"><div class=\"fusion-layout-column fusion_builder_column fusion-builder-column-3 fusion_builder_column_1_1 1_1 fusion-flex-column\" style=\"--awb-bg-size:cover;--awb-width-large:100%;--awb-flex-grow:0;--awb-flex-shrink:0;--awb-margin-top-large:25px;--awb-spacing-right-large:1.92%;--awb-margin-bottom-large:25px;--awb-spacing-left-large:1.92%;--awb-width-medium:100%;--awb-order-medium:0;--awb-flex-grow-medium:0;--awb-flex-shrink-medium:0;--awb-spacing-right-medium:1.92%;--awb-spacing-left-medium:1.92%;--awb-width-small:100%;--awb-order-small:0;--awb-flex-grow-small:0;--awb-flex-shrink-small:0;--awb-spacing-right-small:1.92%;--awb-spacing-left-small:1.92%;\"><div class=\"fusion-column-wrapper fusion-column-has-shadow fusion-flex-justify-content-flex-start fusion-content-layout-column\"><div class=\"fusion-text fusion-text-4\"><h3>Frequently Asked Questions<\/h3>\n<\/div><div class=\"accordian fusion-accordian\" style=\"margin-top:1%;margin-bottom:1%;--awb-margin-top:1%;--awb-margin-bottom:1%;--awb-padding-top:8px;--awb-padding-right:0px;--awb-padding-bottom:8px;--awb-padding-left:0px;--awb-border-size:1px;--awb-icon-size:14px;--awb-content-font-size:16px;--awb-content-letter-spacing:0.01em;--awb-content-line-height:1.6;--awb-icon-alignment:left;--awb-hover-color:rgba(250,250,250,0.1);--awb-border-color:#ffffff;--awb-background-color:#ffffff;--awb-divider-color:var(--awb-color3);--awb-divider-hover-color:rgba(40,45,51,0.1);--awb-icon-color:#ffffff;--awb-title-color:#181b20;--awb-content-color:var(--awb-color6);--awb-icon-box-color:#181b20;--awb-toggle-hover-accent-color:var(--awb-color6);--awb-toggle-active-accent-color:var(--awb-color6);--awb-title-font-family:var(--awb-typography4-font-family);--awb-title-font-weight:var(--awb-typography4-font-weight);--awb-title-font-style:var(--awb-typography4-font-style);--awb-title-font-size:16px;--awb-title-letter-spacing:0.01em;--awb-title-line-height:1.6;--awb-content-font-family:var(--awb-typography4-font-family);--awb-content-font-weight:var(--awb-typography4-font-weight);--awb-content-font-style:var(--awb-typography4-font-style);\"><div class=\"panel-group fusion-toggle-icon-boxed\" id=\"accordion-31738-1\"><div class=\"fusion-panel panel-default panel-b03b287ab11e814bb fusion-toggle-has-divider\" style=\"--awb-title-color:#181b20;--awb-content-color:#656a70;\"><div class=\"panel-heading\"><h4 class=\"panel-title toggle\" id=\"toggle_b03b287ab11e814bb\"><a aria-expanded=\"false\" aria-controls=\"b03b287ab11e814bb\" role=\"button\" data-toggle=\"collapse\" data-target=\"#b03b287ab11e814bb\" href=\"#b03b287ab11e814bb\"><span class=\"fusion-toggle-icon-wrapper\" aria-hidden=\"true\"><i class=\"fa-fusion-box active-icon awb-icon-minus\" aria-hidden=\"true\"><\/i><i class=\"fa-fusion-box inactive-icon awb-icon-plus\" aria-hidden=\"true\"><\/i><\/span><span class=\"fusion-toggle-heading\">How do you order customized sportswear and for which sports do you produce?<\/span><\/a><\/h4><\/div><div id=\"b03b287ab11e814bb\" class=\"panel-collapse collapse\" aria-labelledby=\"toggle_b03b287ab11e814bb\"><div class=\"panel-body toggle-content fusion-clearfix\">\n<p>The ordering process is simple and straightforward:<\/p>\n<ul>\n<li>Send us an inquiry via form, email or phone - describe the sport, number of pieces, colour ideas and any supporting documents (existing logo, club colours).<\/li>\n<li>Our experienced graphic designer will prepare a free graphic design based on your requirements - no obligation.<\/li>\n<li>After mutual approval of the design, we will start production and deliver the finished jerseys directly to your address.<\/li>\n<\/ul>\n<p>We produce customized sportswear and team jerseys for more than 20 different sports - ice hockey, football, floorball, cycling, volleyball, basketball, firefighting, athletics, running, OCR racing, American football, baseball and more. If you don't find your sport listed, no problem - contact us, we can arrange a custom fit or design for virtually any sport.<\/p>\n<\/div><\/div><\/div><div class=\"fusion-panel panel-default panel-62ca9e1b29be7a6c5 fusion-toggle-has-divider\" style=\"--awb-title-color:#181b20;--awb-content-color:#656a70;\"><div class=\"panel-heading\"><h4 class=\"panel-title toggle\" id=\"toggle_62ca9e1b29be7a6c5\"><a aria-expanded=\"false\" aria-controls=\"62ca9e1b29be7a6c5\" role=\"button\" data-toggle=\"collapse\" data-target=\"#62ca9e1b29be7a6c5\" href=\"#62ca9e1b29be7a6c5\"><span class=\"fusion-toggle-icon-wrapper\" aria-hidden=\"true\"><i class=\"fa-fusion-box active-icon awb-icon-minus\" aria-hidden=\"true\"><\/i><i class=\"fa-fusion-box inactive-icon awb-icon-plus\" aria-hidden=\"true\"><\/i><\/span><span class=\"fusion-toggle-heading\">What is the minimum order quantity and how long does it take to produce?<\/span><\/a><\/h4><\/div><div id=\"62ca9e1b29be7a6c5\" class=\"panel-collapse collapse\" aria-labelledby=\"toggle_62ca9e1b29be7a6c5\"><div class=\"panel-body toggle-content fusion-clearfix\">\n<p>The standard minimum order for customized sportswear is 5 pieces per design. However, we understand that every team has different needs - if you require smaller quantities or even individual pieces, please do not hesitate to contact us, we always try to find a tailored solution to your situation. Standard lead time is 3-4 weeks from approval of graphic design. If you are dealing with a time-sensitive order - before the start of the season, tournament or hockey camp - contact us, we can handle urgent orders promptly. At the other end of the spectrum, we also have extensive experience with very large orders for hundreds of athletes.<\/p>\n<\/div><\/div><\/div><div class=\"fusion-panel panel-default panel-b1f7b8a720450ca82 fusion-toggle-has-divider\" style=\"--awb-title-color:#181b20;--awb-content-color:#656a70;\"><div class=\"panel-heading\"><h4 class=\"panel-title toggle\" id=\"toggle_b1f7b8a720450ca82\"><a aria-expanded=\"false\" aria-controls=\"b1f7b8a720450ca82\" role=\"button\" data-toggle=\"collapse\" data-target=\"#b1f7b8a720450ca82\" href=\"#b1f7b8a720450ca82\"><span class=\"fusion-toggle-icon-wrapper\" aria-hidden=\"true\"><i class=\"fa-fusion-box active-icon awb-icon-minus\" aria-hidden=\"true\"><\/i><i class=\"fa-fusion-box inactive-icon awb-icon-plus\" aria-hidden=\"true\"><\/i><\/span><span class=\"fusion-toggle-heading\">What printing and finishing technologies do you use?<\/span><\/a><\/h4><\/div><div id=\"b1f7b8a720450ca82\" class=\"panel-collapse collapse\" aria-labelledby=\"toggle_b1f7b8a720450ca82\"><div class=\"panel-body toggle-content fusion-clearfix\">\n<p>We use several proven technologies to produce customized sportswear. Thermal sublimation allows for photorealistic printing of the entire jersey without limiting the number of colours - ideal for complex patterns, gradients and all-over prints. DTF printing (Direct to Film) is a modern technology suitable for printing finished textiles, corporate t-shirts or individual pieces. We do 2D and 3D embroidery in-house on our own machines with an emphasis on accuracy and durability - according to customer feedback, some of the best quality on the market, we also offer them as patches. 3D embossed logos are an innovative technology that we are one of the first to offer in the Czech Republic - logos and lettering get a plastic, distinctive effect directly on the textile. Printing is standard part of the order price, we do not charge extra for the number of colours or complexity of the design.<\/p>\n<\/div><\/div><\/div><div class=\"fusion-panel panel-default panel-e5c9f268401af95d9 fusion-toggle-has-divider\" style=\"--awb-title-color:#181b20;--awb-content-color:#656a70;\"><div class=\"panel-heading\"><h4 class=\"panel-title toggle\" id=\"toggle_e5c9f268401af95d9\"><a aria-expanded=\"false\" aria-controls=\"e5c9f268401af95d9\" role=\"button\" data-toggle=\"collapse\" data-target=\"#e5c9f268401af95d9\" href=\"#e5c9f268401af95d9\"><span class=\"fusion-toggle-icon-wrapper\" aria-hidden=\"true\"><i class=\"fa-fusion-box active-icon awb-icon-minus\" aria-hidden=\"true\"><\/i><i class=\"fa-fusion-box inactive-icon awb-icon-plus\" aria-hidden=\"true\"><\/i><\/span><span class=\"fusion-toggle-heading\">What materials do you use for the production of sports jerseys?<\/span><\/a><\/h4><\/div><div id=\"e5c9f268401af95d9\" class=\"panel-collapse collapse\" aria-labelledby=\"toggle_e5c9f268401af95d9\"><div class=\"panel-body toggle-content fusion-clearfix\">\n<p>For the production of team jerseys and customized sportswear we use high quality functional materials - in different weights and weaves according to the specific sport and purpose. We work with proven fabric suppliers and select each material with sports performance, wearing comfort and long-term durability in mind. We are happy to advise you on the best material for your sport and use - this is part of our standard free consultation.<\/p>\n<\/div><\/div><\/div><div class=\"fusion-panel panel-default panel-47bd2b53986a8c90a fusion-toggle-has-divider\" style=\"--awb-title-color:#181b20;--awb-content-color:#656a70;\"><div class=\"panel-heading\"><h4 class=\"panel-title toggle\" id=\"toggle_47bd2b53986a8c90a\"><a aria-expanded=\"false\" aria-controls=\"47bd2b53986a8c90a\" role=\"button\" data-toggle=\"collapse\" data-target=\"#47bd2b53986a8c90a\" href=\"#47bd2b53986a8c90a\"><span class=\"fusion-toggle-icon-wrapper\" aria-hidden=\"true\"><i class=\"fa-fusion-box active-icon awb-icon-minus\" aria-hidden=\"true\"><\/i><i class=\"fa-fusion-box inactive-icon awb-icon-plus\" aria-hidden=\"true\"><\/i><\/span><span class=\"fusion-toggle-heading\">Who do you produce for - professional clubs, amateurs, companies or sporting events?<\/span><\/a><\/h4><\/div><div id=\"47bd2b53986a8c90a\" class=\"panel-collapse collapse\" aria-labelledby=\"toggle_47bd2b53986a8c90a\"><div class=\"panel-body toggle-content fusion-clearfix\">\n<p class=\"font-claude-response-body break-words whitespace-normal leading-&#091;1.7&#093;\">We work with a very diverse range of customers - and we service each of them completely, from jerseys to teamwear to fan merchandise.<\/p>\n<p class=\"font-claude-response-body break-words whitespace-normal leading-&#091;1.7&#093;\"><strong>Professional and semi-professional clubs<\/strong> - We have extensive experience in dressing leading clubs such as HC Verva Litv\u00ednov, HC Motor \u010cesk\u00e9 Bud\u011bjovice, HC Slovan Bratislava, HC Dukla Jihlava, Znojmo Eagles, Draci Brno (baseball), Znojmo Knights or Vyso\u010dina Gladiators (American football). For these clubs, we supply complete solutions: match jerseys, training kits, team textiles and fan merchandise - caps, scarves, towels, jerseys for fans and other items with club printing or embroidery.<\/p>\n<p class=\"font-claude-response-body break-words whitespace-normal leading-&#091;1.7&#093;\"><strong>Amateur clubs and smaller teams<\/strong> - We give the same care, quality of materials and individual graphic design free of charge to local clubs, school teams or start-up clubs. With a minimum order of 5 pieces, our services are available for any size team.<\/p>\n<p class=\"font-claude-response-body break-words whitespace-normal leading-&#091;1.7&#093;\"><strong>Companies and corporate branding<\/strong> - We also dress corporate teams and realize printing or embroidery on work textiles, company T-shirts, sweatshirts, jackets or promotional items. Whether it is a corporate sports team, teambuilding or representative clothing for employees - we can advise you on the choice of material, design and printing technology.<\/p>\n<p class=\"font-claude-response-body break-words whitespace-normal leading-&#091;1.7&#093;\"><strong>Sports events, camps and races<\/strong> - we supply clothing and merchandise for hockey camps, sports tournaments, running races, OCR events (Spartan Race and similar) and other sporting events with the participation of tens to hundreds of athletes. We have experience in coordinating large orders under time pressure and delivering on specific deadlines.<\/p>\n<p class=\"font-claude-response-body break-words whitespace-normal leading-&#091;1.7&#093;\">Every order - large or small, professional or amateur - receives an individual approach and a free graphic design.<\/p>\n<\/div><\/div><\/div><div class=\"fusion-panel panel-default panel-abc02f3f9858f7919 fusion-toggle-has-divider\" style=\"--awb-title-color:#181b20;--awb-content-color:#656a70;\"><div class=\"panel-heading\"><h4 class=\"panel-title toggle\" id=\"toggle_abc02f3f9858f7919\"><a aria-expanded=\"false\" aria-controls=\"abc02f3f9858f7919\" role=\"button\" data-toggle=\"collapse\" data-target=\"#abc02f3f9858f7919\" href=\"#abc02f3f9858f7919\"><span class=\"fusion-toggle-icon-wrapper\" aria-hidden=\"true\"><i class=\"fa-fusion-box active-icon awb-icon-minus\" aria-hidden=\"true\"><\/i><i class=\"fa-fusion-box inactive-icon awb-icon-plus\" aria-hidden=\"true\"><\/i><\/span><span class=\"fusion-toggle-heading\">Do you also do printing and embroidery on corporate textiles and merchandise?<\/span><\/a><\/h4><\/div><div id=\"abc02f3f9858f7919\" class=\"panel-collapse collapse\" aria-labelledby=\"toggle_abc02f3f9858f7919\"><div class=\"panel-body toggle-content fusion-clearfix\">\n<p>Yes - in addition to the production of customized sportswear, we also offer printing and embroidery on already finished textiles. Whether it's company t-shirts, sweatshirts, jackets, workwear or fan merchandise - we can print by sublimation, DTF technology or embroider your logo directly onto the textile. This service is particularly popular with sports clubs looking to complement team jerseys with fan merchandise, or with companies looking for quality branding solutions. We also supply complete fan merchandise - caps, bags, towels, towels, scarves, headbands, bottles, mugs, bags and other products with your print or embroidery.<\/p>\n<\/div><\/div><\/div><div class=\"fusion-panel panel-default panel-fa8680c910f8c35c8 fusion-toggle-has-divider\" style=\"--awb-title-color:#181b20;--awb-content-color:#656a70;\"><div class=\"panel-heading\"><h4 class=\"panel-title toggle\" id=\"toggle_fa8680c910f8c35c8\"><a aria-expanded=\"false\" aria-controls=\"fa8680c910f8c35c8\" role=\"button\" data-toggle=\"collapse\" data-target=\"#fa8680c910f8c35c8\" href=\"#fa8680c910f8c35c8\"><span class=\"fusion-toggle-icon-wrapper\" aria-hidden=\"true\"><i class=\"fa-fusion-box active-icon awb-icon-minus\" aria-hidden=\"true\"><\/i><i class=\"fa-fusion-box inactive-icon awb-icon-plus\" aria-hidden=\"true\"><\/i><\/span><span class=\"fusion-toggle-heading\">How do I find the right size and who can help me choose?<\/span><\/a><\/h4><\/div><div id=\"fa8680c910f8c35c8\" class=\"panel-collapse collapse\" aria-labelledby=\"toggle_fa8680c910f8c35c8\"><div class=\"panel-body toggle-content fusion-clearfix\">\n<p>For each product we provide a detailed size chart adapted to the specific cut and material - the tolerance is \u00b12 cm depending on the elasticity of the material, printing method and heat treatment. We recommend choosing a larger size when in doubt. For larger team orders, we are happy to advise personally - we have extensive experience of this from hockey camps and tournaments where we dress dozens to hundreds of athletes at a time. Individual advice is a standard and free part of every collaboration. With over 17 years of experience, our team can advise on material selection, fit, print technology and design - we are a long-term partner for your team or club, not just a manufacturer.<\/p>\n<\/div><\/div><\/div><\/div><\/div><\/div><\/div><\/div><\/div>\n<\/div><\/div><\/div><\/div><\/p>","protected":false},"excerpt":{"rendered":"","protected":false},"author":1,"featured_media":0,"parent":0,"menu_order":0,"comment_status":"closed","ping_status":"closed","template":"","meta":{"_acf_changed":false,"footnotes":""},"class_list":["post-31738","page","type-page","status-publish","hentry"],"acf":[],"_links":{"self":[{"href":"https:\/\/www.aper.cz\/en\/wp-json\/wp\/v2\/pages\/31738","targetHints":{"allow":["GET"]}}],"collection":[{"href":"https:\/\/www.aper.cz\/en\/wp-json\/wp\/v2\/pages"}],"about":[{"href":"https:\/\/www.aper.cz\/en\/wp-json\/wp\/v2\/types\/page"}],"author":[{"embeddable":true,"href":"https:\/\/www.aper.cz\/en\/wp-json\/wp\/v2\/users\/1"}],"replies":[{"embeddable":true,"href":"https:\/\/www.aper.cz\/en\/wp-json\/wp\/v2\/comments?post=31738"}],"version-history":[{"count":25,"href":"https:\/\/www.aper.cz\/en\/wp-json\/wp\/v2\/pages\/31738\/revisions"}],"predecessor-version":[{"id":32101,"href":"https:\/\/www.aper.cz\/en\/wp-json\/wp\/v2\/pages\/31738\/revisions\/32101"}],"wp:attachment":[{"href":"https:\/\/www.aper.cz\/en\/wp-json\/wp\/v2\/media?parent=31738"}],"curies":[{"name":"wp","href":"https:\/\/api.w.org\/{rel}","templated":true}]}}