{"id":3875,"date":"2021-03-18T12:45:57","date_gmt":"2021-03-18T12:45:57","guid":{"rendered":"http:\/\/new.aper.cz\/katalog\/uncategorized\/h003-hockey-three-dres-hranate-sedlo\/"},"modified":"2025-04-03T06:32:23","modified_gmt":"2025-04-03T06:32:23","slug":"h003-hockey-drei-jersey-quadrat-sattel","status":"publish","type":"product","link":"https:\/\/www.aper.cz\/de\/katalog\/hokej\/h003-hockey-three-dres-hranate-sedlo\/","title":{"rendered":"H003 - HOCKEY DREIER - TRIKOT - QUADRATISCHER SATTEL"},"content":{"rendered":"","protected":false},"excerpt":{"rendered":"<p>Hockeytrikot mit quadratischem Sattel (Schultern). Der quadratische Sattel ist breiter und beeintr\u00e4chtigt die \u00c4rmel nicht.<\/p>\n<p>M\u00f6glichkeit der individuellen Gestaltung mit Namensschild, Nummer und Werbung.<\/p>\n<div class=\"mobilek\"><\/p>\n<p><b>Verwendete Materialien:<\/b><br \/>\n<br \/>100% PES Milano (150 g\/m\u00b2),<br \/>\n100% PES Milano (190 g\/m\u00b2), Milano (210 g\/m\u00b2),<br \/>\n<br \/>Kanada (230 g\/m\u00b2),<br \/>\nWashington (220 g\/m\u00b2),<br \/>\nNoro (220 g\/m\u00b2)<\/p>\n<p><b>Gestaltungsm\u00f6glichkeiten:<\/b><br \/>\n<br \/>8 Arten von Halsb\u00e4ndern - <a href=\"https:\/\/www.aper.cz\/wp-content\/uploads\/2023\/02\/aper_hokejove_limce.jpg\" target=\"_blank\" rel=\"noopener\">VORSCHAU HIER<\/a><br \/>\n<br \/>Namensschilder gen\u00e4ht oder mit Klettverschluss<br \/>\n<br \/>Hinterer Gurt zum Schutz vor \u00dcberdehnung des Trikots<\/p>\n<p><b>Verf\u00fcgbare Gr\u00f6\u00dfen:<\/b><br \/>\n<br \/>Erwachsene: XXS (140),XS,S,M,L,XL,XXL,XXXL<br \/>\n<br \/>D\u011btsk\u00e9: 1Y,2-3Y,3-4Y,110,120,130,140(XXS)<br \/>\n<br \/>Erwachsene (Torwart): XXS (140),XS,S,M,L,XL,XXL,XXXL<br \/>\n<br \/>Kinder (Torwart): 1Y,2-3Y,3-4Y,110,120,130,140(XXS)<\/div>\n<p>Wir gew\u00e4hren individuelle Mengenrabatte.<\/p>","protected":false},"featured_media":6673,"template":"","meta":{"_acf_changed":false},"product_brand":[],"product_cat":[37],"product_tag":[],"class_list":{"0":"post-3875","1":"product","2":"type-product","3":"status-publish","4":"has-post-thumbnail","6":"product_cat-hokej","8":"first","9":"onbackorder","10":"featured","11":"virtual","12":"purchasable","13":"product-type-simple"},"acf":[],"_links":{"self":[{"href":"https:\/\/www.aper.cz\/de\/wp-json\/wp\/v2\/product\/3875","targetHints":{"allow":["GET"]}}],"collection":[{"href":"https:\/\/www.aper.cz\/de\/wp-json\/wp\/v2\/product"}],"about":[{"href":"https:\/\/www.aper.cz\/de\/wp-json\/wp\/v2\/types\/product"}],"wp:featuredmedia":[{"embeddable":true,"href":"https:\/\/www.aper.cz\/de\/wp-json\/wp\/v2\/media\/6673"}],"wp:attachment":[{"href":"https:\/\/www.aper.cz\/de\/wp-json\/wp\/v2\/media?parent=3875"}],"wp:term":[{"taxonomy":"product_brand","embeddable":true,"href":"https:\/\/www.aper.cz\/de\/wp-json\/wp\/v2\/product_brand?post=3875"},{"taxonomy":"product_cat","embeddable":true,"href":"https:\/\/www.aper.cz\/de\/wp-json\/wp\/v2\/product_cat?post=3875"},{"taxonomy":"product_tag","embeddable":true,"href":"https:\/\/www.aper.cz\/de\/wp-json\/wp\/v2\/product_tag?post=3875"}],"curies":[{"name":"wp","href":"https:\/\/api.w.org\/{rel}","templated":true}]}}