{"id":3831,"date":"2021-03-18T12:45:04","date_gmt":"2021-03-18T12:45:04","guid":{"rendered":"http:\/\/new.aper.cz\/katalog\/uncategorized\/a014-headband-sportovni-celenka\/"},"modified":"2025-03-31T18:40:03","modified_gmt":"2025-03-31T18:40:03","slug":"a014-stirnband-sport-stirnband","status":"publish","type":"product","link":"https:\/\/www.aper.cz\/de\/katalog\/ostatni\/a014-headband-sportovni-celenka\/","title":{"rendered":"A014 - STIRNBAND - SPORT-STIRNBAND"},"content":{"rendered":"","protected":false},"excerpt":{"rendered":"<p><span>Ein sportliches Stirnband, das Ihren Kopf und Ihre Ohren warm h\u00e4lt.<\/p>\n<p>M\u00f6glichkeit der individuellen Gestaltung mit Namensschild, Nummer und Werbung.<\/span><\/p>\n<div class='mobilek'>\n<p><b>Verwendete Materialien:<\/b><br \/>Stelvio 83% PES+17% elast (260 g\/m\u00b2)<\/p>\n<p><b>Gestaltungsm\u00f6glichkeiten:<\/b><\/p>\n<p><b>Verf\u00fcgbare Gr\u00f6\u00dfen:<\/b><br \/>Unisex: KIDS,JUNIOR,S,M,L<\/div>\n<p><span>Wir gew\u00e4hren individuelle Mengenrabatte.<\/span><\/p>","protected":false},"featured_media":6628,"template":"","meta":{"_acf_changed":false},"product_brand":[],"product_cat":[46],"product_tag":[],"class_list":{"0":"post-3831","1":"product","2":"type-product","3":"status-publish","4":"has-post-thumbnail","6":"product_cat-ostatni","8":"first","9":"onbackorder","10":"featured","11":"virtual","12":"purchasable","13":"product-type-simple"},"acf":[],"_links":{"self":[{"href":"https:\/\/www.aper.cz\/de\/wp-json\/wp\/v2\/product\/3831","targetHints":{"allow":["GET"]}}],"collection":[{"href":"https:\/\/www.aper.cz\/de\/wp-json\/wp\/v2\/product"}],"about":[{"href":"https:\/\/www.aper.cz\/de\/wp-json\/wp\/v2\/types\/product"}],"wp:featuredmedia":[{"embeddable":true,"href":"https:\/\/www.aper.cz\/de\/wp-json\/wp\/v2\/media\/6628"}],"wp:attachment":[{"href":"https:\/\/www.aper.cz\/de\/wp-json\/wp\/v2\/media?parent=3831"}],"wp:term":[{"taxonomy":"product_brand","embeddable":true,"href":"https:\/\/www.aper.cz\/de\/wp-json\/wp\/v2\/product_brand?post=3831"},{"taxonomy":"product_cat","embeddable":true,"href":"https:\/\/www.aper.cz\/de\/wp-json\/wp\/v2\/product_cat?post=3831"},{"taxonomy":"product_tag","embeddable":true,"href":"https:\/\/www.aper.cz\/de\/wp-json\/wp\/v2\/product_tag?post=3831"}],"curies":[{"name":"wp","href":"https:\/\/api.w.org\/{rel}","templated":true}]}}