{"id":6914,"date":"2025-02-25T10:50:14","date_gmt":"2025-02-25T10:50:14","guid":{"rendered":"https:\/\/www.aper.cz\/?page_id=6914"},"modified":"2026-05-05T10:21:36","modified_gmt":"2026-05-05T10:21:36","slug":"hessischer-sport","status":"publish","type":"page","link":"https:\/\/www.aper.cz\/de\/hasicsky-sport\/","title":{"rendered":"Brandbek\u00e4mpfung Sport"},"content":{"rendered":"<div class=\"fusion-fullwidth fullwidth-box fusion-builder-row-1 fusion-flex-container nonhundred-percent-fullwidth non-hundred-percent-height-scrolling\" style=\"--awb-border-radius-top-left:0px;--awb-border-radius-top-right:0px;--awb-border-radius-bottom-right:0px;--awb-border-radius-bottom-left:0px;--awb-padding-top:0px;--awb-padding-right:0px;--awb-padding-bottom:20px;--awb-padding-left:0px;--awb-margin-top:0px;--awb-flex-wrap:wrap;\" ><div class=\"fusion-builder-row fusion-row fusion-flex-align-items-flex-start fusion-flex-content-wrap\" style=\"max-width:1451.84px;margin-left: calc(-4% \/ 2 );margin-right: calc(-4% \/ 2 );\"><div class=\"fusion-layout-column fusion_builder_column fusion-builder-column-0 fusion_builder_column_1_1 1_1 fusion-flex-column\" style=\"--awb-bg-size:cover;--awb-width-large:100%;--awb-margin-top-large:25px;--awb-spacing-right-large:1.92%;--awb-margin-bottom-large:25px;--awb-spacing-left-large:1.92%;--awb-width-medium:100%;--awb-order-medium:0;--awb-spacing-right-medium:1.92%;--awb-spacing-left-medium:1.92%;--awb-width-small:100%;--awb-order-small:0;--awb-spacing-right-small:1.92%;--awb-spacing-left-small:1.92%;\"><div class=\"fusion-column-wrapper fusion-column-has-shadow fusion-flex-justify-content-flex-start fusion-content-layout-column\"><div class=\"woocommerce columns-4\"><\/div>\n<div class=\"woocommerce columns-4\"><\/div>\n<\/div><\/div><div class=\"fusion-layout-column fusion_builder_column fusion-builder-column-1 fusion_builder_column_1_1 1_1 fusion-flex-column\" style=\"--awb-bg-size:cover;--awb-width-large:100%;--awb-margin-top-large:25px;--awb-spacing-right-large:1.92%;--awb-margin-bottom-large:25px;--awb-spacing-left-large:1.92%;--awb-width-medium:100%;--awb-order-medium:0;--awb-spacing-right-medium:1.92%;--awb-spacing-left-medium:1.92%;--awb-width-small:100%;--awb-order-small:0;--awb-spacing-right-small:1.92%;--awb-spacing-left-small:1.92%;\"><div class=\"fusion-column-wrapper fusion-column-has-shadow fusion-flex-justify-content-flex-start fusion-content-layout-column\"><div class=\"fusion-text fusion-text-1\"><p class=\"font-claude-response-body break-words whitespace-normal leading-&#091;1.7&#093;\">Vyr\u00e1b\u00edme dresy a t\u00fdmov\u00e9 oble\u010den\u00ed pro hasi\u010dsk\u00fd sport na m\u00edru pro odd\u00edly v\u0161ech \u00farovn\u00ed \u2014 od vrcholov\u00fdch sout\u011b\u017en\u00edch t\u00fdm\u016f po m\u00edstn\u00ed dobrovoln\u00e9 hasi\u010de. Dod\u00e1v\u00e1me kompletn\u00ed v\u00fdbavu: funk\u010dn\u00ed tri\u010dka, leg\u00edny, mikiny i t\u00fdmov\u00fd \u010di fanou\u0161kovsk\u00fd merchandising \u2014 v\u0161e s vlastn\u00edm designem a v jednotn\u00e9m klubov\u00e9m vizu\u00e1lu.<\/p>\n<p class=\"font-claude-response-body break-words whitespace-normal leading-&#091;1.7&#093;\">Pro v\u00fdrobu oble\u010den\u00ed pro hasi\u010dsk\u00fd sport pou\u017e\u00edv\u00e1me funk\u010dn\u00ed materi\u00e1ly s vysokou pevnost\u00ed \u0161v\u016f, kter\u00e9 sn\u00e1\u0161\u00ed fyzicky n\u00e1ro\u010dnou sout\u011b\u017en\u00ed z\u00e1t\u011b\u017e, \u010dast\u00e9 pran\u00ed i ka\u017edodenn\u00ed tr\u00e9ninky. Sublima\u010dn\u00ed potisk je vti\u0161t\u011bn p\u0159\u00edmo do vl\u00e1kna tkaniny \u2014 barvy nevyblednou ani po stovk\u00e1ch pran\u00ed, potisk se neloupe ani neprask\u00e1.<\/p>\n<p class=\"font-claude-response-body break-words whitespace-normal leading-&#091;1.7&#093;\">Obl\u00e9k\u00e1me cel\u00fd t\u00fdm \u2014 z\u00e1vodn\u00edky i fanou\u0161ky. Grafick\u00fd n\u00e1vrh je zdarma, p\u0159esnou kalkulaci v\u00e1m sd\u011bl\u00edme p\u0159i zad\u00e1n\u00ed objedn\u00e1vky.<\/p>\n<p><strong><em>Die Preise beinhalten den Druck (Design, Namen, Nummern, Anzeigen...).<br \/>\n<\/em><\/strong><em>Die Preise verstehen sich ohne Mehrwertsteuer. Eine genaue Berechnung erhalten Sie bei Ihrer Bestellung.<\/em><\/p>\n<\/div><\/div><\/div><div class=\"fusion-layout-column fusion_builder_column fusion-builder-column-2 fusion_builder_column_1_1 1_1 fusion-flex-column\" style=\"--awb-bg-size:cover;--awb-width-large:100%;--awb-margin-top-large:25px;--awb-spacing-right-large:1.92%;--awb-margin-bottom-large:25px;--awb-spacing-left-large:1.92%;--awb-width-medium:100%;--awb-order-medium:0;--awb-spacing-right-medium:1.92%;--awb-spacing-left-medium:1.92%;--awb-width-small:100%;--awb-order-small:0;--awb-spacing-right-small:1.92%;--awb-spacing-left-small:1.92%;\"><div class=\"fusion-column-wrapper fusion-column-has-shadow fusion-flex-justify-content-flex-start fusion-content-layout-column\"><div class=\"fusion-text fusion-text-2\"><p><strong>Brandbek\u00e4mpfung Sport<\/strong> ist eine einzigartige Disziplin voller Energie, Entschlossenheit und Teamgeist! Unsere Feuerwehrtrikots sind so konzipiert, dass sie, <strong>um die Anforderungen selbst der anspruchsvollsten Sportler zu erf\u00fcllen<\/strong>. Wir arbeiten mit Fachleuten aus der Branche zusammen, um maximale Funktionalit\u00e4t und Komfort zu gew\u00e4hrleisten. Wir verwenden hochwertige Materialien und bieten Ihnen die M\u00f6glichkeit, ein originelles Design nach Ihren W\u00fcnschen zu entwerfen. <strong>Wir produzieren Trikots aus einem St\u00fcck<\/strong>, So k\u00f6nnen Sie aus Optionen w\u00e4hlen, die perfekt auf Ihre Bed\u00fcrfnisse f\u00fcr Training und Wettkampf abgestimmt sind.<\/p>\n<p><strong><em>Die Preise beinhalten den Druck (Design, Namen, Nummern, Anzeigen...).<br \/>\n<\/em><\/strong><em>Die Preise verstehen sich ohne Mehrwertsteuer. Eine genaue Berechnung erhalten Sie bei Ihrer Bestellung.<\/em><\/p>\n<\/div><\/div><\/div><\/div><\/div>","protected":false},"excerpt":{"rendered":"","protected":false},"author":1,"featured_media":0,"parent":0,"menu_order":0,"comment_status":"closed","ping_status":"closed","template":"","meta":{"_acf_changed":false,"footnotes":""},"class_list":["post-6914","page","type-page","status-publish","hentry"],"acf":[],"_links":{"self":[{"href":"https:\/\/www.aper.cz\/de\/wp-json\/wp\/v2\/pages\/6914","targetHints":{"allow":["GET"]}}],"collection":[{"href":"https:\/\/www.aper.cz\/de\/wp-json\/wp\/v2\/pages"}],"about":[{"href":"https:\/\/www.aper.cz\/de\/wp-json\/wp\/v2\/types\/page"}],"author":[{"embeddable":true,"href":"https:\/\/www.aper.cz\/de\/wp-json\/wp\/v2\/users\/1"}],"replies":[{"embeddable":true,"href":"https:\/\/www.aper.cz\/de\/wp-json\/wp\/v2\/comments?post=6914"}],"version-history":[{"count":12,"href":"https:\/\/www.aper.cz\/de\/wp-json\/wp\/v2\/pages\/6914\/revisions"}],"predecessor-version":[{"id":32723,"href":"https:\/\/www.aper.cz\/de\/wp-json\/wp\/v2\/pages\/6914\/revisions\/32723"}],"wp:attachment":[{"href":"https:\/\/www.aper.cz\/de\/wp-json\/wp\/v2\/media?parent=6914"}],"curies":[{"name":"wp","href":"https:\/\/api.w.org\/{rel}","templated":true}]}}