{"id":3467,"date":"2021-02-17T21:18:43","date_gmt":"2021-02-17T21:18:43","guid":{"rendered":"http:\/\/new.aper.cz\/?page_id=3467"},"modified":"2026-04-01T11:13:01","modified_gmt":"2026-04-01T11:13:01","slug":"basketball","status":"publish","type":"page","link":"https:\/\/www.aper.cz\/de\/basketbal\/","title":{"rendered":"Basketball"},"content":{"rendered":"<div class=\"fusion-fullwidth fullwidth-box fusion-builder-row-1 fusion-flex-container nonhundred-percent-fullwidth non-hundred-percent-height-scrolling\" style=\"--awb-border-radius-top-left:0px;--awb-border-radius-top-right:0px;--awb-border-radius-bottom-right:0px;--awb-border-radius-bottom-left:0px;--awb-padding-top:0px;--awb-padding-right:0px;--awb-padding-bottom:20px;--awb-padding-left:0px;--awb-margin-top:0px;--awb-flex-wrap:wrap;\" ><div class=\"fusion-builder-row fusion-row fusion-flex-align-items-flex-start fusion-flex-content-wrap\" style=\"max-width:1451.84px;margin-left: calc(-4% \/ 2 );margin-right: calc(-4% \/ 2 );\"><div class=\"fusion-layout-column fusion_builder_column fusion-builder-column-0 fusion_builder_column_1_1 1_1 fusion-flex-column\" style=\"--awb-bg-size:cover;--awb-width-large:100%;--awb-margin-top-large:25px;--awb-spacing-right-large:1.92%;--awb-margin-bottom-large:25px;--awb-spacing-left-large:1.92%;--awb-width-medium:100%;--awb-order-medium:0;--awb-spacing-right-medium:1.92%;--awb-spacing-left-medium:1.92%;--awb-width-small:100%;--awb-order-small:0;--awb-spacing-right-small:1.92%;--awb-spacing-left-small:1.92%;\"><div class=\"fusion-column-wrapper fusion-column-has-shadow fusion-flex-justify-content-flex-start fusion-content-layout-column\"><div class=\"fusion-text fusion-text-1 fusion-text-no-margin\" style=\"--awb-margin-top:0px;--awb-margin-right:0px;--awb-margin-bottom:0px;--awb-margin-left:0px;\"><p>APER Basketballtrikots passen Ihnen wie angegossen! Wir entwerfen und fertigen ma\u00dfgeschneiderte Trikots aus einem St\u00fcck, ideal f\u00fcr Einzelpersonen und ganze Teams. Alle Trikots sind aus hochwertigen und funktionellen Materialien gefertigt, die den Strapazen des Trainings und der Spiele standhalten.<\/p>\n<p>Dank der fortschrittlichen Sublimationstechnologie garantieren wir Langlebigkeit und eine hervorragende Druckqualit\u00e4t, damit Ihre Motive lebendig und leuchtend bleiben. Setzen Sie sich mit uns in Verbindung und wir werden gemeinsam ein einzigartiges Trikot entwerfen, das Sie auf und neben dem Spielfeld repr\u00e4sentiert!<\/p>\n<p><strong><em>Die Preise beinhalten den Druck (Design, Namen, Nummern, Anzeigen...).<br \/>\n<\/em><\/strong><em>Die Preise verstehen sich ohne Mehrwertsteuer. Eine genaue Berechnung erhalten Sie bei Ihrer Bestellung.<\/em><strong><em><br \/>\n<\/em><\/strong><\/p>\n<\/div><\/div><\/div><div class=\"fusion-layout-column fusion_builder_column fusion-builder-column-1 fusion_builder_column_1_1 1_1 fusion-flex-column\" style=\"--awb-bg-size:cover;--awb-width-large:100%;--awb-margin-top-large:25px;--awb-spacing-right-large:1.92%;--awb-margin-bottom-large:25px;--awb-spacing-left-large:1.92%;--awb-width-medium:100%;--awb-order-medium:0;--awb-spacing-right-medium:1.92%;--awb-spacing-left-medium:1.92%;--awb-width-small:100%;--awb-order-small:0;--awb-spacing-right-small:1.92%;--awb-spacing-left-small:1.92%;\"><div class=\"fusion-column-wrapper fusion-column-has-shadow fusion-flex-justify-content-flex-start fusion-content-layout-column\"><div class=\"woocommerce columns-3\"><ul class=\"products clearfix products-3\">\n<li class=\"product type-product post-3895 status-publish first onbackorder product_cat-basketbal has-post-thumbnail featured virtual purchasable product-type-simple product-grid-view\">\n\t<div class=\"fusion-product-wrapper\">\n<a href=\"https:\/\/www.aper.cz\/de\/katalog\/basketbal\/b001-basket-top-basketbalove-tilko\/\" class=\"product-images\" aria-label=\"B001 - KORB-TOP - BASKETBALL-TANK-TOP\">\n\n<div class=\"featured-image\">\n\t\t<img loading=\"lazy\" decoding=\"async\" width=\"500\" height=\"500\" src=\"https:\/\/www.aper.cz\/wp-content\/uploads\/2024\/11\/aper_vyroba_dresu_obleceni_106-500x500.png\" class=\"attachment-woocommerce_thumbnail size-woocommerce_thumbnail wp-post-image\" alt=\"\" srcset=\"https:\/\/www.aper.cz\/wp-content\/uploads\/2024\/11\/aper_vyroba_dresu_obleceni_106-66x66.png 66w, https:\/\/www.aper.cz\/wp-content\/uploads\/2024\/11\/aper_vyroba_dresu_obleceni_106-100x100.png 100w, https:\/\/www.aper.cz\/wp-content\/uploads\/2024\/11\/aper_vyroba_dresu_obleceni_106-150x150.png 150w, https:\/\/www.aper.cz\/wp-content\/uploads\/2024\/11\/aper_vyroba_dresu_obleceni_106-200x200.png 200w, https:\/\/www.aper.cz\/wp-content\/uploads\/2024\/11\/aper_vyroba_dresu_obleceni_106-300x300.png 300w, https:\/\/www.aper.cz\/wp-content\/uploads\/2024\/11\/aper_vyroba_dresu_obleceni_106-400x400.png 400w, https:\/\/www.aper.cz\/wp-content\/uploads\/2024\/11\/aper_vyroba_dresu_obleceni_106-500x500.png 500w, https:\/\/www.aper.cz\/wp-content\/uploads\/2024\/11\/aper_vyroba_dresu_obleceni_106-600x600.png 600w, https:\/\/www.aper.cz\/wp-content\/uploads\/2024\/11\/aper_vyroba_dresu_obleceni_106-700x700.png 700w, https:\/\/www.aper.cz\/wp-content\/uploads\/2024\/11\/aper_vyroba_dresu_obleceni_106-768x768.png 768w, https:\/\/www.aper.cz\/wp-content\/uploads\/2024\/11\/aper_vyroba_dresu_obleceni_106-800x800.png 800w, https:\/\/www.aper.cz\/wp-content\/uploads\/2024\/11\/aper_vyroba_dresu_obleceni_106.png 1000w\" sizes=\"auto, (max-width: 500px) 100vw, 500px\" \/>\n\t\t\t\t\t\t<div class=\"cart-loading\"><i class=\"awb-icon-spinner\" aria-hidden=\"true\"><\/i><\/div>\n\t\t\t<\/div>\n<\/a>\n<div class=\"fusion-product-content\">\n\t<div class=\"product-details\">\n\t\t<div class=\"product-details-container\">\n<h3 class=\"product-title\">\n\t<a href=\"https:\/\/www.aper.cz\/de\/katalog\/basketbal\/b001-basket-top-basketbalove-tilko\/\">\n\t\tB001 - KORB-TOP - BASKETBALL-TANK-TOP\t<\/a>\n<\/h3>\n<div class=\"fusion-price-rating\">\n\n\t<span class=\"price\"><span class=\"woocommerce-Price-amount amount\"><bdi>520&nbsp;<span class=\"woocommerce-Price-currencySymbol\">CZK ohne Mehrwertsteuer<\/span><\/bdi><\/span><\/span>\n\t\t<\/div>\n\t<\/div>\n<\/div>\n\n\n\t<div class=\"product-buttons\">\n\t\t<div class=\"fusion-content-sep sep-none\"><\/div>\n\t\t<div class=\"product-buttons-container clearfix\">\n<a href=\"\/de\/wp-json\/wp\/v2\/pages\/3467?add-to-cart=3895\" aria-describedby=\"woocommerce_loop_add_to_cart_link_describedby_3895\" data-quantity=\"1\" class=\"button product_type_simple add_to_cart_button ajax_add_to_cart\" data-product_id=\"3895\" data-product_sku=\"B001\" aria-label=\"In den Warenkorb legen: \u201cB001 - BASKET TOP - BASKETBALOV\u00c9 T\u00cdLKO\u201d\" rel=\"nofollow\" data-no-translation=\"\" data-trp-gettext=\"\" data-no-translation-aria-label=\"\">Zum Warenkorb hinzuf\u00fcgen<\/a>\t<span id=\"woocommerce_loop_add_to_cart_link_describedby_3895\" class=\"screen-reader-text\">\n\t\t\t<\/span>\n\n<a href=\"https:\/\/www.aper.cz\/de\/katalog\/basketbal\/b001-basket-top-basketbalove-tilko\/\" class=\"show_details_button\">\n\tDetails<\/a>\n\n\n\t<\/div>\n\t<\/div>\n\n\t<\/div> <\/div>\n<\/li>\n<li class=\"product type-product post-3896 status-publish onbackorder product_cat-basketbal has-post-thumbnail featured virtual purchasable product-type-simple product-grid-view\">\n\t<div class=\"fusion-product-wrapper\">\n<a href=\"https:\/\/www.aper.cz\/de\/katalog\/basketbal\/b002-basket-shorts-basketbalove-kratasy\/\" class=\"product-images\" aria-label=\"B002 - BASKET SHORTS - BASKETBALL SHORTS\">\n\n<div class=\"featured-image\">\n\t\t<img loading=\"lazy\" decoding=\"async\" width=\"500\" height=\"500\" src=\"https:\/\/www.aper.cz\/wp-content\/uploads\/2024\/11\/aper_vyroba_dresu_obleceni_107-500x500.png\" class=\"attachment-woocommerce_thumbnail size-woocommerce_thumbnail wp-post-image\" alt=\"\" srcset=\"https:\/\/www.aper.cz\/wp-content\/uploads\/2024\/11\/aper_vyroba_dresu_obleceni_107-66x66.png 66w, https:\/\/www.aper.cz\/wp-content\/uploads\/2024\/11\/aper_vyroba_dresu_obleceni_107-100x100.png 100w, https:\/\/www.aper.cz\/wp-content\/uploads\/2024\/11\/aper_vyroba_dresu_obleceni_107-150x150.png 150w, https:\/\/www.aper.cz\/wp-content\/uploads\/2024\/11\/aper_vyroba_dresu_obleceni_107-200x200.png 200w, https:\/\/www.aper.cz\/wp-content\/uploads\/2024\/11\/aper_vyroba_dresu_obleceni_107-300x300.png 300w, https:\/\/www.aper.cz\/wp-content\/uploads\/2024\/11\/aper_vyroba_dresu_obleceni_107-400x400.png 400w, https:\/\/www.aper.cz\/wp-content\/uploads\/2024\/11\/aper_vyroba_dresu_obleceni_107-500x500.png 500w, https:\/\/www.aper.cz\/wp-content\/uploads\/2024\/11\/aper_vyroba_dresu_obleceni_107-600x600.png 600w, https:\/\/www.aper.cz\/wp-content\/uploads\/2024\/11\/aper_vyroba_dresu_obleceni_107-700x700.png 700w, https:\/\/www.aper.cz\/wp-content\/uploads\/2024\/11\/aper_vyroba_dresu_obleceni_107-768x768.png 768w, https:\/\/www.aper.cz\/wp-content\/uploads\/2024\/11\/aper_vyroba_dresu_obleceni_107-800x800.png 800w, https:\/\/www.aper.cz\/wp-content\/uploads\/2024\/11\/aper_vyroba_dresu_obleceni_107.png 1000w\" sizes=\"auto, (max-width: 500px) 100vw, 500px\" \/>\n\t\t\t\t\t\t<div class=\"cart-loading\"><i class=\"awb-icon-spinner\" aria-hidden=\"true\"><\/i><\/div>\n\t\t\t<\/div>\n<\/a>\n<div class=\"fusion-product-content\">\n\t<div class=\"product-details\">\n\t\t<div class=\"product-details-container\">\n<h3 class=\"product-title\">\n\t<a href=\"https:\/\/www.aper.cz\/de\/katalog\/basketbal\/b002-basket-shorts-basketbalove-kratasy\/\">\n\t\tB002 - BASKET SHORTS - BASKETBALL SHORTS\t<\/a>\n<\/h3>\n<div class=\"fusion-price-rating\">\n\n\t<span class=\"price\"><span class=\"woocommerce-Price-amount amount\"><bdi>520&nbsp;<span class=\"woocommerce-Price-currencySymbol\">CZK ohne Mehrwertsteuer<\/span><\/bdi><\/span><\/span>\n\t\t<\/div>\n\t<\/div>\n<\/div>\n\n\n\t<div class=\"product-buttons\">\n\t\t<div class=\"fusion-content-sep sep-none\"><\/div>\n\t\t<div class=\"product-buttons-container clearfix\">\n<a href=\"\/de\/wp-json\/wp\/v2\/pages\/3467?add-to-cart=3896\" aria-describedby=\"woocommerce_loop_add_to_cart_link_describedby_3896\" data-quantity=\"1\" class=\"button product_type_simple add_to_cart_button ajax_add_to_cart\" data-product_id=\"3896\" data-product_sku=\"B002\" aria-label=\"In den Warenkorb legen: \u201cB002 - BASKET SHORTS - BASKETBALOV\u00c9 KRA\u0164ASY\u201d\" rel=\"nofollow\" data-no-translation=\"\" data-trp-gettext=\"\" data-no-translation-aria-label=\"\">Zum Warenkorb hinzuf\u00fcgen<\/a>\t<span id=\"woocommerce_loop_add_to_cart_link_describedby_3896\" class=\"screen-reader-text\">\n\t\t\t<\/span>\n\n<a href=\"https:\/\/www.aper.cz\/de\/katalog\/basketbal\/b002-basket-shorts-basketbalove-kratasy\/\" class=\"show_details_button\">\n\tDetails<\/a>\n\n\n\t<\/div>\n\t<\/div>\n\n\t<\/div> <\/div>\n<\/li>\n<li class=\"product type-product post-3897 status-publish last onbackorder product_cat-basketbal has-post-thumbnail featured virtual purchasable product-type-simple product-grid-view\">\n\t<div class=\"fusion-product-wrapper\">\n<a href=\"https:\/\/www.aper.cz\/de\/katalog\/basketbal\/b003-warmup-tricko-na-rozcviceni\/\" class=\"product-images\" aria-label=\"B003 - AUFW\u00c4RMEN - TRI\u010cKO\">\n\n<div class=\"featured-image\">\n\t\t<img loading=\"lazy\" decoding=\"async\" width=\"500\" height=\"500\" src=\"https:\/\/www.aper.cz\/wp-content\/uploads\/2024\/11\/aper_vyroba_dresu_obleceni_108-500x500.png\" class=\"attachment-woocommerce_thumbnail size-woocommerce_thumbnail wp-post-image\" alt=\"\" srcset=\"https:\/\/www.aper.cz\/wp-content\/uploads\/2024\/11\/aper_vyroba_dresu_obleceni_108-66x66.png 66w, https:\/\/www.aper.cz\/wp-content\/uploads\/2024\/11\/aper_vyroba_dresu_obleceni_108-100x100.png 100w, https:\/\/www.aper.cz\/wp-content\/uploads\/2024\/11\/aper_vyroba_dresu_obleceni_108-150x150.png 150w, https:\/\/www.aper.cz\/wp-content\/uploads\/2024\/11\/aper_vyroba_dresu_obleceni_108-200x200.png 200w, https:\/\/www.aper.cz\/wp-content\/uploads\/2024\/11\/aper_vyroba_dresu_obleceni_108-300x300.png 300w, https:\/\/www.aper.cz\/wp-content\/uploads\/2024\/11\/aper_vyroba_dresu_obleceni_108-400x400.png 400w, https:\/\/www.aper.cz\/wp-content\/uploads\/2024\/11\/aper_vyroba_dresu_obleceni_108-500x500.png 500w, https:\/\/www.aper.cz\/wp-content\/uploads\/2024\/11\/aper_vyroba_dresu_obleceni_108-600x600.png 600w, https:\/\/www.aper.cz\/wp-content\/uploads\/2024\/11\/aper_vyroba_dresu_obleceni_108-700x700.png 700w, https:\/\/www.aper.cz\/wp-content\/uploads\/2024\/11\/aper_vyroba_dresu_obleceni_108-768x768.png 768w, https:\/\/www.aper.cz\/wp-content\/uploads\/2024\/11\/aper_vyroba_dresu_obleceni_108-800x800.png 800w, https:\/\/www.aper.cz\/wp-content\/uploads\/2024\/11\/aper_vyroba_dresu_obleceni_108.png 1000w\" sizes=\"auto, (max-width: 500px) 100vw, 500px\" \/>\n\t\t\t\t\t\t<div class=\"cart-loading\"><i class=\"awb-icon-spinner\" aria-hidden=\"true\"><\/i><\/div>\n\t\t\t<\/div>\n<\/a>\n<div class=\"fusion-product-content\">\n\t<div class=\"product-details\">\n\t\t<div class=\"product-details-container\">\n<h3 class=\"product-title\">\n\t<a href=\"https:\/\/www.aper.cz\/de\/katalog\/basketbal\/b003-warmup-tricko-na-rozcviceni\/\">\n\t\tB003 - AUFW\u00c4RMEN - TRI\u010cKO\t<\/a>\n<\/h3>\n<div class=\"fusion-price-rating\">\n\n\t<span class=\"price\"><span class=\"woocommerce-Price-amount amount\"><bdi>660&nbsp;<span class=\"woocommerce-Price-currencySymbol\">CZK ohne Mehrwertsteuer<\/span><\/bdi><\/span><\/span>\n\t\t<\/div>\n\t<\/div>\n<\/div>\n\n\n\t<div class=\"product-buttons\">\n\t\t<div class=\"fusion-content-sep sep-none\"><\/div>\n\t\t<div class=\"product-buttons-container clearfix\">\n<a href=\"\/de\/wp-json\/wp\/v2\/pages\/3467?add-to-cart=3897\" aria-describedby=\"woocommerce_loop_add_to_cart_link_describedby_3897\" data-quantity=\"1\" class=\"button product_type_simple add_to_cart_button ajax_add_to_cart\" data-product_id=\"3897\" data-product_sku=\"B003\" aria-label=\"In den Warenkorb legen: \u201cB003 - WARMUP - TRI\u010cKO NA ROZCVI\u010cEN\u00cd\u201d\" rel=\"nofollow\" data-no-translation=\"\" data-trp-gettext=\"\" data-no-translation-aria-label=\"\">Zum Warenkorb hinzuf\u00fcgen<\/a>\t<span id=\"woocommerce_loop_add_to_cart_link_describedby_3897\" class=\"screen-reader-text\">\n\t\t\t<\/span>\n\n<a href=\"https:\/\/www.aper.cz\/de\/katalog\/basketbal\/b003-warmup-tricko-na-rozcviceni\/\" class=\"show_details_button\">\n\tDetails<\/a>\n\n\n\t<\/div>\n\t<\/div>\n\n\t<\/div> <\/div>\n<\/li>\n<\/ul>\n<\/div><\/div><\/div><\/div><\/div>","protected":false},"excerpt":{"rendered":"","protected":false},"author":1,"featured_media":0,"parent":0,"menu_order":0,"comment_status":"closed","ping_status":"closed","template":"","meta":{"_acf_changed":false,"footnotes":""},"class_list":["post-3467","page","type-page","status-publish","hentry"],"acf":[],"_links":{"self":[{"href":"https:\/\/www.aper.cz\/de\/wp-json\/wp\/v2\/pages\/3467","targetHints":{"allow":["GET"]}}],"collection":[{"href":"https:\/\/www.aper.cz\/de\/wp-json\/wp\/v2\/pages"}],"about":[{"href":"https:\/\/www.aper.cz\/de\/wp-json\/wp\/v2\/types\/page"}],"author":[{"embeddable":true,"href":"https:\/\/www.aper.cz\/de\/wp-json\/wp\/v2\/users\/1"}],"replies":[{"embeddable":true,"href":"https:\/\/www.aper.cz\/de\/wp-json\/wp\/v2\/comments?post=3467"}],"version-history":[{"count":8,"href":"https:\/\/www.aper.cz\/de\/wp-json\/wp\/v2\/pages\/3467\/revisions"}],"predecessor-version":[{"id":31990,"href":"https:\/\/www.aper.cz\/de\/wp-json\/wp\/v2\/pages\/3467\/revisions\/31990"}],"wp:attachment":[{"href":"https:\/\/www.aper.cz\/de\/wp-json\/wp\/v2\/media?parent=3467"}],"curies":[{"name":"wp","href":"https:\/\/api.w.org\/{rel}","templated":true}]}}