{"id":3462,"date":"2021-02-17T21:06:29","date_gmt":"2021-02-17T21:06:29","guid":{"rendered":"http:\/\/new.aper.cz\/?page_id=3462"},"modified":"2026-04-01T11:15:49","modified_gmt":"2026-04-01T11:15:49","slug":"volleyball","status":"publish","type":"page","link":"https:\/\/www.aper.cz\/de\/volejbal\/","title":{"rendered":"Volleyball"},"content":{"rendered":"<div class=\"fusion-fullwidth fullwidth-box fusion-builder-row-1 fusion-flex-container nonhundred-percent-fullwidth non-hundred-percent-height-scrolling\" style=\"--awb-border-radius-top-left:0px;--awb-border-radius-top-right:0px;--awb-border-radius-bottom-right:0px;--awb-border-radius-bottom-left:0px;--awb-padding-top:0px;--awb-padding-right:0px;--awb-padding-bottom:20px;--awb-padding-left:0px;--awb-margin-top:0px;--awb-flex-wrap:wrap;\" ><div class=\"fusion-builder-row fusion-row fusion-flex-align-items-flex-start fusion-flex-content-wrap\" style=\"max-width:1451.84px;margin-left: calc(-4% \/ 2 );margin-right: calc(-4% \/ 2 );\"><div class=\"fusion-layout-column fusion_builder_column fusion-builder-column-0 fusion_builder_column_1_1 1_1 fusion-flex-column\" style=\"--awb-bg-size:cover;--awb-width-large:100%;--awb-margin-top-large:25px;--awb-spacing-right-large:1.92%;--awb-margin-bottom-large:25px;--awb-spacing-left-large:1.92%;--awb-width-medium:100%;--awb-order-medium:0;--awb-spacing-right-medium:1.92%;--awb-spacing-left-medium:1.92%;--awb-width-small:100%;--awb-order-small:0;--awb-spacing-right-small:1.92%;--awb-spacing-left-small:1.92%;\"><div class=\"fusion-column-wrapper fusion-column-has-shadow fusion-flex-justify-content-flex-start fusion-content-layout-column\"><div class=\"fusion-text fusion-text-1\"><p>Volleyball-Bekleidung von APER ist hier f\u00fcr alle Liebhaber dieses dynamischen Sports! Unsere Kollektion zeichnet sich durch hochwertige Verarbeitung und die M\u00f6glichkeit der Produktion aus einem St\u00fcck mit individuellen Grafiken aus. Das bedeutet, dass Sie ein einzigartiges Design entwerfen k\u00f6nnen, das die Identit\u00e4t Ihres Teams perfekt widerspiegelt. Schicken Sie uns einfach eine Anfrage und unsere erfahrenen Designer werden Ihnen gerne eine Grafik ganz nach Ihrem Geschmack erstellen.<\/p>\n<p>Unsere Bekleidung wurde f\u00fcr die hohen Anforderungen von Volleyballspielern entwickelt - sie ist funktionell, bequem und langlebig, was Sie bei jedem Training und Spiel zu sch\u00e4tzen wissen werden. Neben den Trikots bieten wir auch eine gro\u00dfe Auswahl an Accessoires, um Ihre Leistung auf dem Platz zu unterst\u00fctzen. Ganz gleich, ob Sie Amateurspieler oder Mitglied einer Profimannschaft sind, mit APER erhalten Sie die Produkte, die Ihnen helfen, Ihre sportlichen Ziele zu erreichen. Setzen Sie sich mit uns in Verbindung und entdecken Sie, wie wir zusammenarbeiten k\u00f6nnen, um Kleidung zu kreieren, die Sie auf allen Ebenen des Wettbewerbs repr\u00e4sentiert!<\/p>\n<p><strong><em>Die Preise beinhalten den Druck (Design, Namen, Nummern, Anzeigen...).<br \/>\n<\/em><\/strong><em>Die Preise verstehen sich ohne Mehrwertsteuer. Eine genaue Berechnung erhalten Sie bei Ihrer Bestellung.<\/em><\/p>\n<\/div><\/div><\/div><div class=\"fusion-layout-column fusion_builder_column fusion-builder-column-1 fusion_builder_column_1_1 1_1 fusion-flex-column\" style=\"--awb-bg-size:cover;--awb-width-large:100%;--awb-margin-top-large:25px;--awb-spacing-right-large:1.92%;--awb-margin-bottom-large:25px;--awb-spacing-left-large:1.92%;--awb-width-medium:100%;--awb-order-medium:0;--awb-spacing-right-medium:1.92%;--awb-spacing-left-medium:1.92%;--awb-width-small:100%;--awb-order-small:0;--awb-spacing-right-small:1.92%;--awb-spacing-left-small:1.92%;\"><div class=\"fusion-column-wrapper fusion-column-has-shadow fusion-flex-justify-content-flex-start fusion-content-layout-column\"><div class=\"woocommerce columns-3\"><ul class=\"products clearfix products-3\">\n<li class=\"product type-product post-3892 status-publish first onbackorder product_cat-volejbal has-post-thumbnail featured virtual purchasable product-type-simple product-grid-view\">\n\t<div class=\"fusion-product-wrapper\">\n<a href=\"https:\/\/www.aper.cz\/de\/katalog\/volejbal\/v001-top-elastic-tilko-elasticke\/\" class=\"product-images\" aria-label=\"V001 - TOP ELASTISCH - TANK TOP - ELASTISCH\">\n\n<div class=\"featured-image\">\n\t\t<img loading=\"lazy\" decoding=\"async\" width=\"500\" height=\"500\" src=\"https:\/\/www.aper.cz\/wp-content\/uploads\/2024\/11\/aper_vyroba_dresu_obleceni_103-500x500.png\" class=\"attachment-woocommerce_thumbnail size-woocommerce_thumbnail wp-post-image\" alt=\"\" srcset=\"https:\/\/www.aper.cz\/wp-content\/uploads\/2024\/11\/aper_vyroba_dresu_obleceni_103-66x66.png 66w, https:\/\/www.aper.cz\/wp-content\/uploads\/2024\/11\/aper_vyroba_dresu_obleceni_103-100x100.png 100w, https:\/\/www.aper.cz\/wp-content\/uploads\/2024\/11\/aper_vyroba_dresu_obleceni_103-150x150.png 150w, https:\/\/www.aper.cz\/wp-content\/uploads\/2024\/11\/aper_vyroba_dresu_obleceni_103-200x200.png 200w, https:\/\/www.aper.cz\/wp-content\/uploads\/2024\/11\/aper_vyroba_dresu_obleceni_103-300x300.png 300w, https:\/\/www.aper.cz\/wp-content\/uploads\/2024\/11\/aper_vyroba_dresu_obleceni_103-400x400.png 400w, https:\/\/www.aper.cz\/wp-content\/uploads\/2024\/11\/aper_vyroba_dresu_obleceni_103-500x500.png 500w, https:\/\/www.aper.cz\/wp-content\/uploads\/2024\/11\/aper_vyroba_dresu_obleceni_103-600x600.png 600w, https:\/\/www.aper.cz\/wp-content\/uploads\/2024\/11\/aper_vyroba_dresu_obleceni_103-700x700.png 700w, https:\/\/www.aper.cz\/wp-content\/uploads\/2024\/11\/aper_vyroba_dresu_obleceni_103-768x768.png 768w, https:\/\/www.aper.cz\/wp-content\/uploads\/2024\/11\/aper_vyroba_dresu_obleceni_103-800x800.png 800w, https:\/\/www.aper.cz\/wp-content\/uploads\/2024\/11\/aper_vyroba_dresu_obleceni_103.png 1000w\" sizes=\"auto, (max-width: 500px) 100vw, 500px\" \/>\n\t\t\t\t\t\t<div class=\"cart-loading\"><i class=\"awb-icon-spinner\" aria-hidden=\"true\"><\/i><\/div>\n\t\t\t<\/div>\n<\/a>\n<div class=\"fusion-product-content\">\n\t<div class=\"product-details\">\n\t\t<div class=\"product-details-container\">\n<h3 class=\"product-title\">\n\t<a href=\"https:\/\/www.aper.cz\/de\/katalog\/volejbal\/v001-top-elastic-tilko-elasticke\/\">\n\t\tV001 - TOP ELASTISCH - TANK TOP - ELASTISCH\t<\/a>\n<\/h3>\n<div class=\"fusion-price-rating\">\n\n\t<span class=\"price\"><span class=\"woocommerce-Price-amount amount\"><bdi>520&nbsp;<span class=\"woocommerce-Price-currencySymbol\">CZK ohne Mehrwertsteuer<\/span><\/bdi><\/span><\/span>\n\t\t<\/div>\n\t<\/div>\n<\/div>\n\n\n\t<div class=\"product-buttons\">\n\t\t<div class=\"fusion-content-sep sep-none\"><\/div>\n\t\t<div class=\"product-buttons-container clearfix\">\n<a href=\"\/de\/wp-json\/wp\/v2\/pages\/3462?add-to-cart=3892\" aria-describedby=\"woocommerce_loop_add_to_cart_link_describedby_3892\" data-quantity=\"1\" class=\"button product_type_simple add_to_cart_button ajax_add_to_cart\" data-product_id=\"3892\" data-product_sku=\"V001\" aria-label=\"In den Warenkorb legen: \u201cV001 - TOP ELASTIC - T\u00cdLKO - ELASTICK\u00c9\u201d\" rel=\"nofollow\" data-no-translation=\"\" data-trp-gettext=\"\" data-no-translation-aria-label=\"\">Zum Warenkorb hinzuf\u00fcgen<\/a>\t<span id=\"woocommerce_loop_add_to_cart_link_describedby_3892\" class=\"screen-reader-text\">\n\t\t\t<\/span>\n\n<a href=\"https:\/\/www.aper.cz\/de\/katalog\/volejbal\/v001-top-elastic-tilko-elasticke\/\" class=\"show_details_button\">\n\tDetails<\/a>\n\n\n\t<\/div>\n\t<\/div>\n\n\t<\/div> <\/div>\n<\/li>\n<li class=\"product type-product post-3893 status-publish onbackorder product_cat-volejbal has-post-thumbnail featured virtual purchasable product-type-simple product-grid-view\">\n\t<div class=\"fusion-product-wrapper\">\n<a href=\"https:\/\/www.aper.cz\/de\/katalog\/volejbal\/v002-top-classic-tilko-neelasticke\/\" class=\"product-images\" aria-label=\"V002 - TOP KLASSISCH - TANKTOP - NICHT ELASTISCH\">\n\n<div class=\"featured-image\">\n\t\t<img loading=\"lazy\" decoding=\"async\" width=\"500\" height=\"500\" src=\"https:\/\/www.aper.cz\/wp-content\/uploads\/2024\/11\/aper_vyroba_dresu_obleceni_104-500x500.png\" class=\"attachment-woocommerce_thumbnail size-woocommerce_thumbnail wp-post-image\" alt=\"\" srcset=\"https:\/\/www.aper.cz\/wp-content\/uploads\/2024\/11\/aper_vyroba_dresu_obleceni_104-66x66.png 66w, https:\/\/www.aper.cz\/wp-content\/uploads\/2024\/11\/aper_vyroba_dresu_obleceni_104-100x100.png 100w, https:\/\/www.aper.cz\/wp-content\/uploads\/2024\/11\/aper_vyroba_dresu_obleceni_104-150x150.png 150w, https:\/\/www.aper.cz\/wp-content\/uploads\/2024\/11\/aper_vyroba_dresu_obleceni_104-200x200.png 200w, https:\/\/www.aper.cz\/wp-content\/uploads\/2024\/11\/aper_vyroba_dresu_obleceni_104-300x300.png 300w, https:\/\/www.aper.cz\/wp-content\/uploads\/2024\/11\/aper_vyroba_dresu_obleceni_104-400x400.png 400w, https:\/\/www.aper.cz\/wp-content\/uploads\/2024\/11\/aper_vyroba_dresu_obleceni_104-500x500.png 500w, https:\/\/www.aper.cz\/wp-content\/uploads\/2024\/11\/aper_vyroba_dresu_obleceni_104-600x600.png 600w, https:\/\/www.aper.cz\/wp-content\/uploads\/2024\/11\/aper_vyroba_dresu_obleceni_104-700x700.png 700w, https:\/\/www.aper.cz\/wp-content\/uploads\/2024\/11\/aper_vyroba_dresu_obleceni_104-768x768.png 768w, https:\/\/www.aper.cz\/wp-content\/uploads\/2024\/11\/aper_vyroba_dresu_obleceni_104-800x800.png 800w, https:\/\/www.aper.cz\/wp-content\/uploads\/2024\/11\/aper_vyroba_dresu_obleceni_104.png 1000w\" sizes=\"auto, (max-width: 500px) 100vw, 500px\" \/>\n\t\t\t\t\t\t<div class=\"cart-loading\"><i class=\"awb-icon-spinner\" aria-hidden=\"true\"><\/i><\/div>\n\t\t\t<\/div>\n<\/a>\n<div class=\"fusion-product-content\">\n\t<div class=\"product-details\">\n\t\t<div class=\"product-details-container\">\n<h3 class=\"product-title\">\n\t<a href=\"https:\/\/www.aper.cz\/de\/katalog\/volejbal\/v002-top-classic-tilko-neelasticke\/\">\n\t\tV002 - TOP KLASSISCH - TANKTOP - NICHT ELASTISCH\t<\/a>\n<\/h3>\n<div class=\"fusion-price-rating\">\n\n\t<span class=\"price\"><span class=\"woocommerce-Price-amount amount\"><bdi>520&nbsp;<span class=\"woocommerce-Price-currencySymbol\">CZK ohne Mehrwertsteuer<\/span><\/bdi><\/span><\/span>\n\t\t<\/div>\n\t<\/div>\n<\/div>\n\n\n\t<div class=\"product-buttons\">\n\t\t<div class=\"fusion-content-sep sep-none\"><\/div>\n\t\t<div class=\"product-buttons-container clearfix\">\n<a href=\"\/de\/wp-json\/wp\/v2\/pages\/3462?add-to-cart=3893\" aria-describedby=\"woocommerce_loop_add_to_cart_link_describedby_3893\" data-quantity=\"1\" class=\"button product_type_simple add_to_cart_button ajax_add_to_cart\" data-product_id=\"3893\" data-product_sku=\"V002\" aria-label=\"In den Warenkorb legen: \u201cV002 - TOP CLASSIC - T\u00cdLKO - NEELASTICK\u00c9\u201d\" rel=\"nofollow\" data-no-translation=\"\" data-trp-gettext=\"\" data-no-translation-aria-label=\"\">Zum Warenkorb hinzuf\u00fcgen<\/a>\t<span id=\"woocommerce_loop_add_to_cart_link_describedby_3893\" class=\"screen-reader-text\">\n\t\t\t<\/span>\n\n<a href=\"https:\/\/www.aper.cz\/de\/katalog\/volejbal\/v002-top-classic-tilko-neelasticke\/\" class=\"show_details_button\">\n\tDetails<\/a>\n\n\n\t<\/div>\n\t<\/div>\n\n\t<\/div> <\/div>\n<\/li>\n<li class=\"product type-product post-3894 status-publish last onbackorder product_cat-volejbal has-post-thumbnail featured virtual purchasable product-type-simple product-grid-view\">\n\t<div class=\"fusion-product-wrapper\">\n<a href=\"https:\/\/www.aper.cz\/de\/katalog\/volejbal\/v003-bra-sportovni-podprsenka\/\" class=\"product-images\" aria-label=\"V003 - BH - SPORT-BH\">\n\n<div class=\"featured-image\">\n\t\t<img loading=\"lazy\" decoding=\"async\" width=\"500\" height=\"500\" src=\"https:\/\/www.aper.cz\/wp-content\/uploads\/2024\/11\/aper_vyroba_dresu_obleceni_105-500x500.png\" class=\"attachment-woocommerce_thumbnail size-woocommerce_thumbnail wp-post-image\" alt=\"\" srcset=\"https:\/\/www.aper.cz\/wp-content\/uploads\/2024\/11\/aper_vyroba_dresu_obleceni_105-66x66.png 66w, https:\/\/www.aper.cz\/wp-content\/uploads\/2024\/11\/aper_vyroba_dresu_obleceni_105-100x100.png 100w, https:\/\/www.aper.cz\/wp-content\/uploads\/2024\/11\/aper_vyroba_dresu_obleceni_105-150x150.png 150w, https:\/\/www.aper.cz\/wp-content\/uploads\/2024\/11\/aper_vyroba_dresu_obleceni_105-200x200.png 200w, https:\/\/www.aper.cz\/wp-content\/uploads\/2024\/11\/aper_vyroba_dresu_obleceni_105-300x300.png 300w, https:\/\/www.aper.cz\/wp-content\/uploads\/2024\/11\/aper_vyroba_dresu_obleceni_105-400x400.png 400w, https:\/\/www.aper.cz\/wp-content\/uploads\/2024\/11\/aper_vyroba_dresu_obleceni_105-500x500.png 500w, https:\/\/www.aper.cz\/wp-content\/uploads\/2024\/11\/aper_vyroba_dresu_obleceni_105-600x600.png 600w, https:\/\/www.aper.cz\/wp-content\/uploads\/2024\/11\/aper_vyroba_dresu_obleceni_105-700x700.png 700w, https:\/\/www.aper.cz\/wp-content\/uploads\/2024\/11\/aper_vyroba_dresu_obleceni_105-768x768.png 768w, https:\/\/www.aper.cz\/wp-content\/uploads\/2024\/11\/aper_vyroba_dresu_obleceni_105-800x800.png 800w, https:\/\/www.aper.cz\/wp-content\/uploads\/2024\/11\/aper_vyroba_dresu_obleceni_105.png 1000w\" sizes=\"auto, (max-width: 500px) 100vw, 500px\" \/>\n\t\t\t\t\t\t<div class=\"cart-loading\"><i class=\"awb-icon-spinner\" aria-hidden=\"true\"><\/i><\/div>\n\t\t\t<\/div>\n<\/a>\n<div class=\"fusion-product-content\">\n\t<div class=\"product-details\">\n\t\t<div class=\"product-details-container\">\n<h3 class=\"product-title\">\n\t<a href=\"https:\/\/www.aper.cz\/de\/katalog\/volejbal\/v003-bra-sportovni-podprsenka\/\">\n\t\tV003 - BH - SPORT-BH\t<\/a>\n<\/h3>\n<div class=\"fusion-price-rating\">\n\n\t<span class=\"price\"><span class=\"woocommerce-Price-amount amount\"><bdi>475&nbsp;<span class=\"woocommerce-Price-currencySymbol\">CZK ohne Mehrwertsteuer<\/span><\/bdi><\/span><\/span>\n\t\t<\/div>\n\t<\/div>\n<\/div>\n\n\n\t<div class=\"product-buttons\">\n\t\t<div class=\"fusion-content-sep sep-none\"><\/div>\n\t\t<div class=\"product-buttons-container clearfix\">\n<a href=\"\/de\/wp-json\/wp\/v2\/pages\/3462?add-to-cart=3894\" aria-describedby=\"woocommerce_loop_add_to_cart_link_describedby_3894\" data-quantity=\"1\" class=\"button product_type_simple add_to_cart_button ajax_add_to_cart\" data-product_id=\"3894\" data-product_sku=\"V003\" aria-label=\"In den Warenkorb legen: \u201cV003 - BRA - SPORTOVN\u00cd PODPRSENKA\u201d\" rel=\"nofollow\" data-no-translation=\"\" data-trp-gettext=\"\" data-no-translation-aria-label=\"\">Zum Warenkorb hinzuf\u00fcgen<\/a>\t<span id=\"woocommerce_loop_add_to_cart_link_describedby_3894\" class=\"screen-reader-text\">\n\t\t\t<\/span>\n\n<a href=\"https:\/\/www.aper.cz\/de\/katalog\/volejbal\/v003-bra-sportovni-podprsenka\/\" class=\"show_details_button\">\n\tDetails<\/a>\n\n\n\t<\/div>\n\t<\/div>\n\n\t<\/div> <\/div>\n<\/li>\n<\/ul>\n<\/div><\/div><\/div><\/div><\/div>","protected":false},"excerpt":{"rendered":"","protected":false},"author":1,"featured_media":0,"parent":0,"menu_order":0,"comment_status":"closed","ping_status":"closed","template":"","meta":{"_acf_changed":false,"footnotes":""},"class_list":["post-3462","page","type-page","status-publish","hentry"],"acf":[],"_links":{"self":[{"href":"https:\/\/www.aper.cz\/de\/wp-json\/wp\/v2\/pages\/3462","targetHints":{"allow":["GET"]}}],"collection":[{"href":"https:\/\/www.aper.cz\/de\/wp-json\/wp\/v2\/pages"}],"about":[{"href":"https:\/\/www.aper.cz\/de\/wp-json\/wp\/v2\/types\/page"}],"author":[{"embeddable":true,"href":"https:\/\/www.aper.cz\/de\/wp-json\/wp\/v2\/users\/1"}],"replies":[{"embeddable":true,"href":"https:\/\/www.aper.cz\/de\/wp-json\/wp\/v2\/comments?post=3462"}],"version-history":[{"count":5,"href":"https:\/\/www.aper.cz\/de\/wp-json\/wp\/v2\/pages\/3462\/revisions"}],"predecessor-version":[{"id":32023,"href":"https:\/\/www.aper.cz\/de\/wp-json\/wp\/v2\/pages\/3462\/revisions\/32023"}],"wp:attachment":[{"href":"https:\/\/www.aper.cz\/de\/wp-json\/wp\/v2\/media?parent=3462"}],"curies":[{"name":"wp","href":"https:\/\/api.w.org\/{rel}","templated":true}]}}